{"id":2685,"date":"2022-09-20T19:44:41","date_gmt":"2022-09-20T17:44:41","guid":{"rendered":"https:\/\/www.ladiagonale.net\/?page_id=2685"},"modified":"2022-10-04T15:53:07","modified_gmt":"2022-10-04T13:53:07","slug":"supporters","status":"publish","type":"page","link":"https:\/\/www.ladiagonale.net\/index.php\/supporters\/","title":{"rendered":"Supporters"},"content":{"rendered":"\n<p class=\"has-text-align-center has-white-color has-text-color has-background\" style=\"background-color:#c00501\"><strong>SUPPORTERS<\/strong><\/p>\n\n\n\n<h5 class=\"has-white-color has-text-color has-background\" style=\"background-color:#303030\">CLUB DES SUPPORTERS DE MONACO<\/h5>\n\n\n\n<h3>INFOS PRATIQUES<\/h3>\n\n\n\n<p><strong>Adresse<\/strong> : Stade Louis II \u2013 7 Avenue des Castelans \u2013 98000 Monaco<br><strong>T\u00e9l<\/strong>. : (+377) 92 05 40 77 ou (+377) 92 05 21 95<br><strong>Fax<\/strong>. : (+377) 92 05 35 88<br><strong>Pr\u00e9sident<\/strong> : Laurent MAIRE<br><a href=\"http:\/\/www.supportersmonaco.com\">Site web<\/a> &#8211; <a href=\"mailto:info@supportersmonaco.com\">Mail<\/a><br><strong>Ann\u00e9e de cr\u00e9ation<\/strong> : 1952<\/p>\n\n\n\n<h5 class=\"has-white-color has-text-color has-background\" style=\"background-color:#303030\">GROUPES IND\u00c9PENDANTS<\/h5>\n\n\n\n<p><strong>ULTRAS MONACO \u201994<\/strong><\/p>\n\n\n\n<p>Responsables : Julien et Audric<\/p>\n\n\n\n<p>Ann\u00e9e de cr\u00e9ation : 1994<a href=\"mailto:mail@ultrasmonaco1994.com\"><br><\/a><a href=\"http:\/\/www.ultrasmonaco1994.com\/\">Site web<\/a> &#8211; <a href=\"mail@ultrasmonaco1994.com\">Mail<\/a>\u00a0&#8211; <a href=\"https:\/\/www.facebook.com\/ultrasmonaco1994?fref=ts\">Facebook<\/a><\/p>\n\n\n\n<p><\/p>\n\n\n\n<p><strong>MUNEGU DA VIKEN<\/strong><br><em>Responsable : Julien Guillermin<\/em><br>8 rue des Perdrix<br>Adresse : 14790 Fontaine-Etoupefour<br>T\u00e9l : 06 11 43 68 54<\/p>\n\n\n\n<p><a href=\"mailto:julasm14@hotmail.fr\">Mail<\/a> &#8211; <a href=\"https:\/\/www.facebook.com\/MuneguDaViken\">Facebook<\/a><\/p>\n\n\n\n<p><\/p>\n\n\n\n<p><strong>MUNEG\u2019OC<br><\/strong>Ann\u00e9e de cr\u00e9ation : 2009<br><em>Pr\u00e9sident : Patrick ZIEBA<\/em><br>T\u00e9l\u00e9phone : +33 6 68 30 55 59<\/p>\n\n\n\n<p><a href=\"mailto:munegoctour@gmail.com\">Mail<\/a> &#8211; <a href=\"https:\/\/twitter.com\/munegoc?fbclid=IwAR3w7JTXTVT_lO9cn4yCLm5r3YQ3uDai-Vpl7gfbISkGGQgzwjcNW0KbfQg\" data-type=\"URL\" data-id=\"https:\/\/twitter.com\/munegoc?fbclid=IwAR3w7JTXTVT_lO9cn4yCLm5r3YQ3uDai-Vpl7gfbISkGGQgzwjcNW0KbfQg\">Twitter<\/a> &#8211; <a href=\"https:\/\/www.facebook.com\/munegoc\/\" data-type=\"URL\" data-id=\"https:\/\/www.facebook.com\/munegoc\/\">Facebook<\/a> <\/p>\n\n\n\n<h5 class=\"has-white-color has-text-color has-background\" style=\"background-color:#303030\">ANTENNES CSM FRAN\u00c7AISES<\/h5>\n\n\n\n<p><strong>ALPES MARITIMES \/ ROQUEBRUNE-CAP-MARTIN \u00ab&nbsp;LES ALLOBROGES&nbsp;\u00bb<\/strong><br><em>Responsable : Marcel Viano<\/em><br>Adresse : 179, avenue Aristide Briand \u2013 06190 ROQUEBRUNE-CAP-MARTIN<br>T\u00e9l : 04 93 35 77 47<br>Mail : allos.csm@outlook.com, patybeill@free.fr<\/p>\n\n\n\n<p><strong>ARDENNES \u2013 \u00ab\u00a0MUNEGU 51\u00a0\u00bb<\/strong><br><em>Responsable : Mathieu Cocu<\/em><br>Adresse : 6 Rue Jeanne Jugan \u2013 51100 REIMS<br>T\u00e9l : 07 61 49 04 44 <br><a href=\"http:\/\/supp.ardennes.0208.free.fr\">Site web<\/a> &#8211; <a href=\"mailto:munegu51@gmail.com\">Mail<\/a><\/p>\n\n\n\n<p><strong>BOURGOGNE \u2013 \u00ab\u00a0MUNEGU BURGUNDY\u00a0\u00bb<\/strong><br><em>Responsable : Jean-Baptiste Nobile<\/em><br>Adresse : 101 A Route de Lyon \u2013 69680 CHASSIEU<br>T\u00e9l : 07 62 15 10 65<br><a href=\"mailto:jbnobile@gmail.com\">Mail<\/a><\/p>\n\n\n\n<p><strong>R\u00c9GION CENTRE \u2013 \u00ab&nbsp;MUNEGUS CENTRE VAL DE LOIRE&nbsp;\u00bb<\/strong><br><em>Responsable : Guillaume Branle<\/em><br>Adresse : 4B Rue de l\u2019Eglise \u2013 28150 Villeneuve Saint Nicolas \/ LES VILLAGES VOVEENS<br>T\u00e9l : 06 75 73 06 71<br>Mail : munegucentrevaldeloiremail.com<\/p>\n\n\n\n<p><strong>DR\u00d4ME\/ARD\u00c8CHE \u2013 \u00ab\u00a0CSM MUNEGU 26\/07\u00a0\u00bb<\/strong><br><em>Responsable : Nicolas Villein<\/em><br>Adresse : 26 chemin des Vallas \u2013 07200 VESSEAUX<br>T\u00e9l : 06 51 26 45 72<br><a href=\"mailto:munegu2607@gmail.com\">Mail<\/a><\/p>\n\n\n\n<p><strong>HAUTS-DE-FRANCE \u2013 \u00ab\u00a0CSM 62\/59\u00a0\u00bb<\/strong><br><em>Responsable : Philippe Lemaitre<\/em><br>Adressse : 11 Rue Jules Martin \u2013 62100 CALAIS<br>T\u00e9l : 06 88 78 90 23<br><a href=\"mailto:lemaitrephil62@free.fr\">Mail<\/a><\/p>\n\n\n\n<p><strong>LORRAINE \u2013 \u00ab\u00a0SUPP\u2019LORRAINE\u00a0\u00bb<\/strong><br><em>Responsable : Boris Gamin<\/em><br>Adresse : 7, rue de la Passerelle Appartement 6 \u2013 55000 BAR LE DUC<br>T\u00e9l : 07 81 00 51 09<br><a href=\"mailto:gamin.boris@laposte.net\">Mail<\/a><\/p>\n\n\n\n<p><strong>NORMANDIE \u2013 \u00ab\u00a0MUNEGU NORMANDY\u00a0\u00bb<\/strong><br><em>Responsable : Julien Durel<\/em><br>Adresse : 119, Les Amonteaux \u2013 50470 TOLLEVAST<br>T\u00e9l : 06 01 95 95 68<br><a href=\"mailto:munegunormandy@outlook.fr\">Mail<\/a><\/p>\n\n\n\n<p><strong>PARIS \u2013 \u00ab\u00a0MUNEGU IDF\u00a0\u00bb<\/strong><br><em>Responsable : Jeremy Da Costa\u00a0<\/em><br>Adresse : B\u00e2timent K1, Rue des Ch\u00eanes \u2013 77177 BROU SUR CHANTEREINE<br>T\u00e9l : 06 71 40 39 92<br><a href=\"mailto:munegu.idf@gmail.com\">Mail<\/a><\/p>\n\n\n\n<p><strong>PICARDIE \u2013 ILE-DE-FRANCE \u00ab\u00a0MON\u00c9GASK 60\/75\u00a0\u00bb<\/strong><br><em>Responsable : S\u00e9bastien Dudebout<\/em><br>Adresse : 77, ruelle Niville \u2013 60140 LIANCOURT<br>T\u00e9l : 06 63 11 29 93<br><a href=\"mailto:Monegask6075picardie.idf@gmail.com\">Mail<\/a> &#8211; <a href=\"https:\/\/www.facebook.com\/Monegask-60-75-picardieIle-de-france-1016559728497602\/\">Facebook<\/a><\/p>\n\n\n\n<p><strong>VAR \u2013 \u00ab\u00a0BIANCOROSSI 83\u00a0\u00bb<\/strong><br><em>Responsable : Kevin Serrano<\/em><br>Adresse : 36 Lotissement Les 4 Saisons \u2013 83270 SAINT CYR SUR MER<br>T\u00e9l : 06 95 59 88 91<br><a href=\"mailto:kevinserrano4@hotmail.com\">Mail<\/a><\/p>\n\n\n\n<p><strong>DOM TOM<\/strong><br><em>Responsable : Lo\u00efc Placide<\/em><br>Adresse : Lot Mond\u00e9sir \u2013 97290 LE MARIN<br>T\u00e9l : 06 96 78 10 85<br><a href=\"mailto:presidentrookie@gmail.com\">Mail<\/a><\/p>\n\n\n\n<h5 class=\"has-white-color has-text-color has-background\" style=\"background-color:#303030\">ANTENNE CSM INTERNATIONALE<\/h5>\n\n\n\n<p><strong>ITALIE \u2013 VINTIMILLE \u00ab\u00a0LIGURIA BIANCOROSSA\u00a0\u00bb<\/strong><br><em>Responsable : Mattia Rossi<\/em><br>Adresse Corso Italia 29 \u2013 18010 TRIORA (Italie)<br>T\u00e9l : +39 347 767 5695<br><a href=\"http:\/\/liguriabiancorossa@admin\">Mail<\/a><\/p>\n\n\n\n<p><\/p>\n","protected":false},"excerpt":{"rendered":"<p>SUPPORTERS CLUB DES SUPPORTERS DE MONACO INFOS PRATIQUES Adresse : Stade Louis II \u2013 7 Avenue des Castelans \u2013 98000 MonacoT\u00e9l. : (+377) 92 05 40 77 ou (+377) 92 05 21 95Fax. : (+377) 92 05 35 88Pr\u00e9sident : Laurent MAIRESite web &#8211; MailAnn\u00e9e de cr\u00e9ation : 1952 GROUPES IND\u00c9PENDANTS ULTRAS MONACO \u201994 Responsables [&#8230;]\n","protected":false},"author":2,"featured_media":0,"parent":0,"menu_order":0,"comment_status":"closed","ping_status":"closed","template":"page-right-sidebar.php","meta":[],"yoast_head":"<!-- This site is optimized with the Yoast SEO plugin v19.8 - https:\/\/yoast.com\/wordpress\/plugins\/seo\/ -->\n<title>Supporters - La Diagonale<\/title>\n<meta name=\"robots\" content=\"index, follow, max-snippet:-1, max-image-preview:large, max-video-preview:-1\" \/>\n<link rel=\"canonical\" href=\"https:\/\/www.ladiagonale.net\/index.php\/supporters\/\" \/>\n<meta property=\"og:locale\" content=\"fr_FR\" \/>\n<meta property=\"og:type\" content=\"article\" \/>\n<meta property=\"og:title\" content=\"Supporters - La Diagonale\" \/>\n<meta property=\"og:description\" content=\"SUPPORTERS CLUB DES SUPPORTERS DE MONACO INFOS PRATIQUES Adresse : Stade Louis II \u2013 7 Avenue des Castelans \u2013 98000 MonacoT\u00e9l. : (+377) 92 05 40 77 ou (+377) 92 05 21 95Fax. : (+377) 92 05 35 88Pr\u00e9sident : Laurent MAIRESite web &#8211; MailAnn\u00e9e de cr\u00e9ation : 1952 GROUPES IND\u00c9PENDANTS ULTRAS MONACO \u201994 Responsables [...]\" \/>\n<meta property=\"og:url\" content=\"https:\/\/www.ladiagonale.net\/index.php\/supporters\/\" \/>\n<meta property=\"og:site_name\" content=\"La Diagonale\" \/>\n<meta property=\"article:modified_time\" content=\"2022-10-04T13:53:07+00:00\" \/>\n<meta name=\"twitter:card\" content=\"summary_large_image\" \/>\n<meta name=\"twitter:label1\" content=\"Dur\u00e9e de lecture estim\u00e9e\" \/>\n\t<meta name=\"twitter:data1\" content=\"1 minute\" \/>\n<script type=\"application\/ld+json\" class=\"yoast-schema-graph\">{\"@context\":\"https:\/\/schema.org\",\"@graph\":[{\"@type\":\"WebPage\",\"@id\":\"https:\/\/www.ladiagonale.net\/index.php\/supporters\/\",\"url\":\"https:\/\/www.ladiagonale.net\/index.php\/supporters\/\",\"name\":\"Supporters - La Diagonale\",\"isPartOf\":{\"@id\":\"https:\/\/www.ladiagonale.net\/#website\"},\"datePublished\":\"2022-09-20T17:44:41+00:00\",\"dateModified\":\"2022-10-04T13:53:07+00:00\",\"breadcrumb\":{\"@id\":\"https:\/\/www.ladiagonale.net\/index.php\/supporters\/#breadcrumb\"},\"inLanguage\":\"fr-FR\",\"potentialAction\":[{\"@type\":\"ReadAction\",\"target\":[\"https:\/\/www.ladiagonale.net\/index.php\/supporters\/\"]}]},{\"@type\":\"BreadcrumbList\",\"@id\":\"https:\/\/www.ladiagonale.net\/index.php\/supporters\/#breadcrumb\",\"itemListElement\":[{\"@type\":\"ListItem\",\"position\":1,\"name\":\"Accueil\",\"item\":\"https:\/\/www.ladiagonale.net\/\"},{\"@type\":\"ListItem\",\"position\":2,\"name\":\"Supporters\"}]},{\"@type\":\"WebSite\",\"@id\":\"https:\/\/www.ladiagonale.net\/#website\",\"url\":\"https:\/\/www.ladiagonale.net\/\",\"name\":\"La Diagonale\",\"description\":\"Le site des supporters de l&#039;AS Monaco FC\",\"potentialAction\":[{\"@type\":\"SearchAction\",\"target\":{\"@type\":\"EntryPoint\",\"urlTemplate\":\"https:\/\/www.ladiagonale.net\/?s={search_term_string}\"},\"query-input\":\"required name=search_term_string\"}],\"inLanguage\":\"fr-FR\"}]}<\/script>\n<!-- \/ Yoast SEO plugin. -->","yoast_head_json":{"title":"Supporters - La Diagonale","robots":{"index":"index","follow":"follow","max-snippet":"max-snippet:-1","max-image-preview":"max-image-preview:large","max-video-preview":"max-video-preview:-1"},"canonical":"https:\/\/www.ladiagonale.net\/index.php\/supporters\/","og_locale":"fr_FR","og_type":"article","og_title":"Supporters - La Diagonale","og_description":"SUPPORTERS CLUB DES SUPPORTERS DE MONACO INFOS PRATIQUES Adresse : Stade Louis II \u2013 7 Avenue des Castelans \u2013 98000 MonacoT\u00e9l. : (+377) 92 05 40 77 ou (+377) 92 05 21 95Fax. : (+377) 92 05 35 88Pr\u00e9sident : Laurent MAIRESite web &#8211; MailAnn\u00e9e de cr\u00e9ation : 1952 GROUPES IND\u00c9PENDANTS ULTRAS MONACO \u201994 Responsables [...]","og_url":"https:\/\/www.ladiagonale.net\/index.php\/supporters\/","og_site_name":"La Diagonale","article_modified_time":"2022-10-04T13:53:07+00:00","twitter_card":"summary_large_image","twitter_misc":{"Dur\u00e9e de lecture estim\u00e9e":"1 minute"},"schema":{"@context":"https:\/\/schema.org","@graph":[{"@type":"WebPage","@id":"https:\/\/www.ladiagonale.net\/index.php\/supporters\/","url":"https:\/\/www.ladiagonale.net\/index.php\/supporters\/","name":"Supporters - La Diagonale","isPartOf":{"@id":"https:\/\/www.ladiagonale.net\/#website"},"datePublished":"2022-09-20T17:44:41+00:00","dateModified":"2022-10-04T13:53:07+00:00","breadcrumb":{"@id":"https:\/\/www.ladiagonale.net\/index.php\/supporters\/#breadcrumb"},"inLanguage":"fr-FR","potentialAction":[{"@type":"ReadAction","target":["https:\/\/www.ladiagonale.net\/index.php\/supporters\/"]}]},{"@type":"BreadcrumbList","@id":"https:\/\/www.ladiagonale.net\/index.php\/supporters\/#breadcrumb","itemListElement":[{"@type":"ListItem","position":1,"name":"Accueil","item":"https:\/\/www.ladiagonale.net\/"},{"@type":"ListItem","position":2,"name":"Supporters"}]},{"@type":"WebSite","@id":"https:\/\/www.ladiagonale.net\/#website","url":"https:\/\/www.ladiagonale.net\/","name":"La Diagonale","description":"Le site des supporters de l&#039;AS Monaco FC","potentialAction":[{"@type":"SearchAction","target":{"@type":"EntryPoint","urlTemplate":"https:\/\/www.ladiagonale.net\/?s={search_term_string}"},"query-input":"required name=search_term_string"}],"inLanguage":"fr-FR"}]}},"_links":{"self":[{"href":"https:\/\/www.ladiagonale.net\/index.php\/wp-json\/wp\/v2\/pages\/2685"}],"collection":[{"href":"https:\/\/www.ladiagonale.net\/index.php\/wp-json\/wp\/v2\/pages"}],"about":[{"href":"https:\/\/www.ladiagonale.net\/index.php\/wp-json\/wp\/v2\/types\/page"}],"author":[{"embeddable":true,"href":"https:\/\/www.ladiagonale.net\/index.php\/wp-json\/wp\/v2\/users\/2"}],"replies":[{"embeddable":true,"href":"https:\/\/www.ladiagonale.net\/index.php\/wp-json\/wp\/v2\/comments?post=2685"}],"version-history":[{"count":12,"href":"https:\/\/www.ladiagonale.net\/index.php\/wp-json\/wp\/v2\/pages\/2685\/revisions"}],"predecessor-version":[{"id":4988,"href":"https:\/\/www.ladiagonale.net\/index.php\/wp-json\/wp\/v2\/pages\/2685\/revisions\/4988"}],"wp:attachment":[{"href":"https:\/\/www.ladiagonale.net\/index.php\/wp-json\/wp\/v2\/media?parent=2685"}],"curies":[{"name":"wp","href":"https:\/\/api.w.org\/{rel}","templated":true}]}}